{"id":62,"date":"2015-10-04T22:06:39","date_gmt":"2015-10-04T21:06:39","guid":{"rendered":"http:\/\/www.asadlis-amazigh.com\/fr\/?page_id=62"},"modified":"2016-01-13T02:52:12","modified_gmt":"2016-01-13T01:52:12","slug":"la-bibliotheque-en-chiffres","status":"publish","type":"page","link":"https:\/\/www.asadlis-amazigh.com\/fr\/la-bibliotheque-en-chiffres\/","title":{"rendered":"La biblioth\u00e8que en chiffres"},"content":{"rendered":"<div class=\"vc_row wpb_row vc_row-fluid\"><div class=\"wpb_column vc_column_container vc_col-sm-12\"><div class=\"wpb_wrapper\"><div class=\"stats-block stats-top \"><div class=\"aio-icon-top\"><div class=\"ult-just-icon-wrapper \"><div class=\"align-icon\" style=\"text-align:center;\">\n<div class=\"aio-icon none \" data-animation=\"fadeInUpBig\" data-animation-delay=\"03\" style=\"color:#000000;font-size:40px;display:inline-block;\">\n\t<i class=\"Defaults-book\"><\/i>\n<\/div><\/div><\/div><\/div><div class=\"stats-desc\"><div class=\"counter_prefix\" style=\"font-size:25px;\">Actuellement, la biblioth\u00e8que contient <\/div><div id=\"counter_207663026769f1f5bfeb201\" data-id=\"counter_207663026769f1f5bfeb201\" class=\"stats-number\" style=\"font-size:25px; color:#ffcc00; \" data-speed=\"7\" data-counter-value=\"209\" data-separator=\" \" data-decimal=\".\">0<\/div><div class=\"counter_suffix\" style=\"font-size:25px; color:#ffcc00;\"> livres<\/div><div class=\"stats-text\" style=\"font-size:20px; color:#ffcc00; \"><\/div><\/div><\/div><div class=\"vc_separator wpb_content_element vc_separator_align_center vc_sep_width_100 vc_sep_pos_align_center vc_sep_color_grey\"><span\n\t\tclass=\"vc_sep_holder vc_sep_holder_l\"><span\t\t\tclass=\"vc_sep_line\"><\/span><\/span>\t\t<h4>R\u00e9partis en<\/h4><span\n\t\tclass=\"vc_sep_holder vc_sep_holder_r\"><span class=\"vc_sep_line\"><\/span><\/span>\n\t<\/div>\n<div class=\"vc_progress_bar wpb_content_element  vc_progress-bar-color-bar_blue\"><div class=\"vc_general vc_single_bar\"><small class=\"vc_label\" style=\"color: #000000;\">149 livres en fran\u00e7ais, soit <span class=\"vc_label_units\">71%<\/span><\/small><span class=\"vc_bar animated striped\" data-percentage-value=\"71\" data-value=\"71\" style=\"background-color: #ffcc00;\"><\/span><\/div><div class=\"vc_general vc_single_bar\"><small class=\"vc_label\" style=\"color: #000000;\">50 livres en arabe, soit <span class=\"vc_label_units\">24%<\/span><\/small><span class=\"vc_bar animated striped\" data-percentage-value=\"24\" data-value=\"24\" style=\"background-color: #7be045;\"><\/span><\/div><div class=\"vc_general vc_single_bar\"><small class=\"vc_label\" style=\"color: #000000;\">10 livres en amazigh, soit <span class=\"vc_label_units\">5%<\/span><\/small><span class=\"vc_bar animated striped\" data-percentage-value=\"5\" data-value=\"5\" style=\"background-color: #4dbbcc;\"><\/span><\/div><\/div><div class=\"vc_separator wpb_content_element vc_separator_align_center vc_sep_width_100 vc_sep_pos_align_center vc_sep_color_grey\"><span\n\t\tclass=\"vc_sep_holder vc_sep_holder_l\"><span\t\t\tclass=\"vc_sep_line\"><\/span><\/span>\t\t<h4>En ce qui concerne les livres en fran\u00e7ais<\/h4><span\n\t\tclass=\"vc_sep_holder vc_sep_holder_r\"><span class=\"vc_sep_line\"><\/span><\/span>\n\t<\/div>\n\n<div class=\"vc_chart vc_round-chart wpb_content_element\" data-vc-legend=\"1\" data-vc-animation=\"easeOutBack\" data-vc-stroke-color=\"#ffffff\" data-vc-stroke-width=\"2\" data-vc-type=\"doughnut\" data-vc-values=\"[{&quot;value&quot;:32,&quot;color&quot;:[&quot;#6583e3&quot;,&quot;#5472d2&quot;],&quot;highlight&quot;:[&quot;#4d6fdd&quot;,&quot;#3c5ecc&quot;],&quot;label&quot;:&quot;Histoire : 45 livres (30,2%)&quot;},{&quot;value&quot;:19,&quot;color&quot;:[&quot;#86e7ad&quot;,&quot;#75d69c&quot;],&quot;highlight&quot;:[&quot;#6ee09c&quot;,&quot;#5dcf8b&quot;],&quot;label&quot;:&quot;Arch\\u00e9ologie : 29 livres (19,5%)&quot;},{&quot;value&quot;:15,&quot;color&quot;:[&quot;#ca8fcc&quot;,&quot;#b97ebb&quot;],&quot;highlight&quot;:[&quot;#bf7bc1&quot;,&quot;#ae6ab0&quot;],&quot;label&quot;:&quot;Linguistique : 23 livres (15,4%)&quot;},{&quot;value&quot;:10,&quot;color&quot;:[&quot;#11d2e0&quot;,&quot;#00c1cf&quot;],&quot;highlight&quot;:[&quot;#11b5c1&quot;,&quot;#00a4b0&quot;],&quot;label&quot;:&quot;R\\u00e9cits : 16 livres (10,7%)&quot;},{&quot;value&quot;:7,&quot;color&quot;:[&quot;#ff635e&quot;,&quot;#f4524d&quot;],&quot;highlight&quot;:[&quot;#ff4741&quot;,&quot;#f23630&quot;],&quot;label&quot;:&quot;sociologie : 11 livres (7,4%)&quot;},{&quot;value&quot;:6,&quot;color&quot;:[&quot;#7ebc4d&quot;,&quot;#6dab3c&quot;],&quot;highlight&quot;:[&quot;#70a545&quot;,&quot;#5f9434&quot;],&quot;label&quot;:&quot;Divers : 10 livres (6,7%)&quot;},{&quot;value&quot;:3,&quot;color&quot;:[&quot;#ffcf79&quot;,&quot;#f7be68&quot;],&quot;highlight&quot;:[&quot;#ffc25c&quot;,&quot;#f5b14b&quot;],&quot;label&quot;:&quot;Romans : 5 livres (3,4%)&quot;},{&quot;value&quot;:3,&quot;color&quot;:[&quot;#dfd3bc&quot;,&quot;#cec2ab&quot;],&quot;highlight&quot;:[&quot;#d4c5a9&quot;,&quot;#c3b498&quot;],&quot;label&quot;:&quot;Litt\\u00e9rature : 5 livres (3,4%)&quot;},{&quot;value&quot;:2,&quot;color&quot;:[&quot;#61596c&quot;,&quot;#50485b&quot;],&quot;highlight&quot;:[&quot;#524b5b&quot;,&quot;#413a4a&quot;],&quot;label&quot;:&quot;M\\u00e9decine : 3 livres (2%)&quot;},{&quot;value&quot;:1,&quot;color&quot;:[&quot;#ffa579&quot;,&quot;#f79468&quot;],&quot;highlight&quot;:[&quot;#ff905c&quot;,&quot;#f57f4b&quot;],&quot;label&quot;:&quot;\\u00c9cologie : 2 livres (1,3%)&quot;}]\">\n\t\n\t<div class=\"wpb_wrapper\">\n\t\t<div class=\"vc_chart-with-legend\"><canvas class=\"vc_round-chart-canvas\" width=\"1\" height=\"1\"><\/canvas><\/div><ul class=\"vc_chart-legend\"><li><span style=\"background-color:#6583e3\"><\/span>Histoire : 45 livres (30,2%)<\/li><li><span style=\"background-color:#86e7ad\"><\/span>Arch\u00e9ologie : 29 livres (19,5%)<\/li><li><span style=\"background-color:#ca8fcc\"><\/span>Linguistique : 23 livres (15,4%)<\/li><li><span style=\"background-color:#11d2e0\"><\/span>R\u00e9cits : 16 livres (10,7%)<\/li><li><span style=\"background-color:#ff635e\"><\/span>sociologie : 11 livres (7,4%)<\/li><li><span style=\"background-color:#7ebc4d\"><\/span>Divers : 10 livres (6,7%)<\/li><li><span style=\"background-color:#ffcf79\"><\/span>Romans : 5 livres (3,4%)<\/li><li><span style=\"background-color:#dfd3bc\"><\/span>Litt\u00e9rature : 5 livres (3,4%)<\/li><li><span style=\"background-color:#61596c\"><\/span>M\u00e9decine : 3 livres (2%)<\/li><li><span style=\"background-color:#ffa579\"><\/span>\u00c9cologie : 2 livres (1,3%)<\/li><\/ul>\n\t<\/div>\n<\/div>\n<\/div><\/div><\/div>\n","protected":false},"excerpt":{"rendered":"Actuellement, la biblioth\u00e8que contient 0 livres R\u00e9partis en 149 livres en fran\u00e7ais, soit 71%50 livres en arabe, soit 24%10 livres en amazigh, soit 5% En ce qui concerne les livres en fran\u00e7ais Histoire : 45 livres (30,2%)Arch\u00e9ologie : 29 livres (19,5%)Linguistique : 23 livres (15,4%)R\u00e9cits : 16 livres (10,7%)sociologie : 11 livres (7,4%)Divers : 10 &hellip;","protected":false},"author":1,"featured_media":961,"parent":0,"menu_order":0,"comment_status":"closed","ping_status":"closed","template":"","meta":{"spay_email":""},"yoast_head":"\n<title>La biblioth\u00e8que en chiffres | Asadlis Amazigh<\/title>\n<meta name=\"description\" content=\"La biblioth\u00e8que en chiffres : Actuellement la biblioth\u00e8que contient...\u00a0\" \/>\n<meta name=\"robots\" content=\"index, follow, max-snippet:-1, max-image-preview:large, max-video-preview:-1\" \/>\n<link rel=\"canonical\" href=\"https:\/\/www.asadlis-amazigh.com\/fr\/la-bibliotheque-en-chiffres\/\" \/>\n<meta property=\"og:locale\" content=\"fr_FR\" \/>\n<meta property=\"og:type\" content=\"article\" \/>\n<meta property=\"og:title\" content=\"La biblioth\u00e8que en chiffres | Asadlis Amazigh\" \/>\n<meta property=\"og:description\" content=\"La biblioth\u00e8que en chiffres : Actuellement la biblioth\u00e8que contient...\" \/>\n<meta property=\"og:url\" content=\"https:\/\/www.asadlis-amazigh.com\/fr\/la-bibliotheque-en-chiffres\/\" \/>\n<meta property=\"og:site_name\" content=\"Asadlis Amazigh\" \/>\n<meta property=\"article:publisher\" content=\"https:\/\/www.facebook.com\/asadlis.amazigh\" \/>\n<meta property=\"article:modified_time\" content=\"2016-01-13T01:52:12+00:00\" \/>\n<meta property=\"og:image\" content=\"http:\/\/www.asadlis-amazigh.com\/fr\/wp-content\/uploads\/2015\/10\/en-chiffres.jpg\" \/>\n<meta name=\"twitter:card\" content=\"summary\" \/>\n<meta name=\"twitter:description\" content=\"La biblioth\u00e8que en chiffres : Actuellement la biblioth\u00e8que contient...\" \/>\n<meta name=\"twitter:image\" content=\"http:\/\/www.asadlis-amazigh.com\/fr\/wp-content\/uploads\/2015\/10\/en-chiffres.jpg\" \/>\n<meta name=\"twitter:site\" content=\"@AsadlisAmazigh\" \/>\n<meta name=\"twitter:label1\" content=\"Dur\u00e9e de lecture estim\u00e9e\" \/>\n\t<meta name=\"twitter:data1\" content=\"2 minutes\" \/>\n<script type=\"application\/ld+json\" class=\"yoast-schema-graph\">{\"@context\":\"https:\/\/schema.org\",\"@graph\":[{\"@type\":\"WebSite\",\"@id\":\"https:\/\/www.asadlis-amazigh.com\/fr\/#website\",\"url\":\"https:\/\/www.asadlis-amazigh.com\/fr\/\",\"name\":\"Asadlis Amazigh\",\"description\":\"La biblioth\\u00e8que amazighe\",\"potentialAction\":[{\"@type\":\"SearchAction\",\"target\":{\"@type\":\"EntryPoint\",\"urlTemplate\":\"https:\/\/www.asadlis-amazigh.com\/fr\/?s={search_term_string}\"},\"query-input\":\"required name=search_term_string\"}],\"inLanguage\":\"fr-FR\"},{\"@type\":\"ImageObject\",\"@id\":\"https:\/\/www.asadlis-amazigh.com\/fr\/la-bibliotheque-en-chiffres\/#primaryimage\",\"inLanguage\":\"fr-FR\",\"url\":\"\",\"contentUrl\":\"\"},{\"@type\":\"WebPage\",\"@id\":\"https:\/\/www.asadlis-amazigh.com\/fr\/la-bibliotheque-en-chiffres\/#webpage\",\"url\":\"https:\/\/www.asadlis-amazigh.com\/fr\/la-bibliotheque-en-chiffres\/\",\"name\":\"La biblioth\\u00e8que en chiffres | Asadlis Amazigh\",\"isPartOf\":{\"@id\":\"https:\/\/www.asadlis-amazigh.com\/fr\/#website\"},\"primaryImageOfPage\":{\"@id\":\"https:\/\/www.asadlis-amazigh.com\/fr\/la-bibliotheque-en-chiffres\/#primaryimage\"},\"datePublished\":\"2015-10-04T21:06:39+00:00\",\"dateModified\":\"2016-01-13T01:52:12+00:00\",\"description\":\"La biblioth\\u00e8que en chiffres : Actuellement la biblioth\\u00e8que contient...\\u00a0\",\"breadcrumb\":{\"@id\":\"https:\/\/www.asadlis-amazigh.com\/fr\/la-bibliotheque-en-chiffres\/#breadcrumb\"},\"inLanguage\":\"fr-FR\",\"potentialAction\":[{\"@type\":\"ReadAction\",\"target\":[\"https:\/\/www.asadlis-amazigh.com\/fr\/la-bibliotheque-en-chiffres\/\"]}]},{\"@type\":\"BreadcrumbList\",\"@id\":\"https:\/\/www.asadlis-amazigh.com\/fr\/la-bibliotheque-en-chiffres\/#breadcrumb\",\"itemListElement\":[{\"@type\":\"ListItem\",\"position\":1,\"name\":\"Accueil\",\"item\":\"https:\/\/www.asadlis-amazigh.com\/fr\/\"},{\"@type\":\"ListItem\",\"position\":2,\"name\":\"La biblioth\\u00e8que en chiffres\"}]}]}<\/script>\n","yoast_head_json":{"title":"La biblioth\u00e8que en chiffres | Asadlis Amazigh","description":"La biblioth\u00e8que en chiffres : Actuellement la biblioth\u00e8que contient...\u00a0","robots":{"index":"index","follow":"follow","max-snippet":"max-snippet:-1","max-image-preview":"max-image-preview:large","max-video-preview":"max-video-preview:-1"},"canonical":"https:\/\/www.asadlis-amazigh.com\/fr\/la-bibliotheque-en-chiffres\/","og_locale":"fr_FR","og_type":"article","og_title":"La biblioth\u00e8que en chiffres | Asadlis Amazigh","og_description":"La biblioth\u00e8que en chiffres : Actuellement la biblioth\u00e8que contient...","og_url":"https:\/\/www.asadlis-amazigh.com\/fr\/la-bibliotheque-en-chiffres\/","og_site_name":"Asadlis Amazigh","article_publisher":"https:\/\/www.facebook.com\/asadlis.amazigh","article_modified_time":"2016-01-13T01:52:12+00:00","og_image":[{"url":"http:\/\/www.asadlis-amazigh.com\/fr\/wp-content\/uploads\/2015\/10\/en-chiffres.jpg"}],"twitter_card":"summary","twitter_description":"La biblioth\u00e8que en chiffres : Actuellement la biblioth\u00e8que contient...","twitter_image":"http:\/\/www.asadlis-amazigh.com\/fr\/wp-content\/uploads\/2015\/10\/en-chiffres.jpg","twitter_site":"@AsadlisAmazigh","twitter_misc":{"Dur\u00e9e de lecture estim\u00e9e":"2 minutes"},"schema":{"@context":"https:\/\/schema.org","@graph":[{"@type":"WebSite","@id":"https:\/\/www.asadlis-amazigh.com\/fr\/#website","url":"https:\/\/www.asadlis-amazigh.com\/fr\/","name":"Asadlis Amazigh","description":"La biblioth\u00e8que amazighe","potentialAction":[{"@type":"SearchAction","target":{"@type":"EntryPoint","urlTemplate":"https:\/\/www.asadlis-amazigh.com\/fr\/?s={search_term_string}"},"query-input":"required name=search_term_string"}],"inLanguage":"fr-FR"},{"@type":"ImageObject","@id":"https:\/\/www.asadlis-amazigh.com\/fr\/la-bibliotheque-en-chiffres\/#primaryimage","inLanguage":"fr-FR","url":"","contentUrl":""},{"@type":"WebPage","@id":"https:\/\/www.asadlis-amazigh.com\/fr\/la-bibliotheque-en-chiffres\/#webpage","url":"https:\/\/www.asadlis-amazigh.com\/fr\/la-bibliotheque-en-chiffres\/","name":"La biblioth\u00e8que en chiffres | Asadlis Amazigh","isPartOf":{"@id":"https:\/\/www.asadlis-amazigh.com\/fr\/#website"},"primaryImageOfPage":{"@id":"https:\/\/www.asadlis-amazigh.com\/fr\/la-bibliotheque-en-chiffres\/#primaryimage"},"datePublished":"2015-10-04T21:06:39+00:00","dateModified":"2016-01-13T01:52:12+00:00","description":"La biblioth\u00e8que en chiffres : Actuellement la biblioth\u00e8que contient...\u00a0","breadcrumb":{"@id":"https:\/\/www.asadlis-amazigh.com\/fr\/la-bibliotheque-en-chiffres\/#breadcrumb"},"inLanguage":"fr-FR","potentialAction":[{"@type":"ReadAction","target":["https:\/\/www.asadlis-amazigh.com\/fr\/la-bibliotheque-en-chiffres\/"]}]},{"@type":"BreadcrumbList","@id":"https:\/\/www.asadlis-amazigh.com\/fr\/la-bibliotheque-en-chiffres\/#breadcrumb","itemListElement":[{"@type":"ListItem","position":1,"name":"Accueil","item":"https:\/\/www.asadlis-amazigh.com\/fr\/"},{"@type":"ListItem","position":2,"name":"La biblioth\u00e8que en chiffres"}]}]}},"jetpack_shortlink":"https:\/\/wp.me\/P77MJL-10","_links":{"self":[{"href":"https:\/\/www.asadlis-amazigh.com\/fr\/wp-json\/wp\/v2\/pages\/62"}],"collection":[{"href":"https:\/\/www.asadlis-amazigh.com\/fr\/wp-json\/wp\/v2\/pages"}],"about":[{"href":"https:\/\/www.asadlis-amazigh.com\/fr\/wp-json\/wp\/v2\/types\/page"}],"author":[{"embeddable":true,"href":"https:\/\/www.asadlis-amazigh.com\/fr\/wp-json\/wp\/v2\/users\/1"}],"replies":[{"embeddable":true,"href":"https:\/\/www.asadlis-amazigh.com\/fr\/wp-json\/wp\/v2\/comments?post=62"}],"version-history":[{"count":47,"href":"https:\/\/www.asadlis-amazigh.com\/fr\/wp-json\/wp\/v2\/pages\/62\/revisions"}],"predecessor-version":[{"id":969,"href":"https:\/\/www.asadlis-amazigh.com\/fr\/wp-json\/wp\/v2\/pages\/62\/revisions\/969"}],"wp:featuredmedia":[{"embeddable":true,"href":"https:\/\/www.asadlis-amazigh.com\/fr\/wp-json\/wp\/v2\/media\/961"}],"wp:attachment":[{"href":"https:\/\/www.asadlis-amazigh.com\/fr\/wp-json\/wp\/v2\/media?parent=62"}],"curies":[{"name":"wp","href":"https:\/\/api.w.org\/{rel}","templated":true}]}}