{"id":1471,"date":"2017-02-01T16:01:24","date_gmt":"2017-02-01T15:01:24","guid":{"rendered":"http:\/\/www.asadlis-amazigh.com\/fr\/?page_id=1471"},"modified":"2017-02-01T16:17:05","modified_gmt":"2017-02-01T15:17:05","slug":"faites-un-don","status":"publish","type":"page","link":"https:\/\/www.asadlis-amazigh.com\/fr\/faites-un-don\/","title":{"rendered":"Faites un don !"},"content":{"rendered":"<p style=\"text-align: justify;\">Asadlis Amazigh a besoin de vos dons pour continuer \u00e0 \u00e9voluer et \u00e0 exister. La biblioth\u00e8que, c&rsquo;est plusieurs centaines de livres, la plupart sont exclusifs et in\u00e9dits, accessibles aux utilisateurs par un simple clic.<\/p>\n<p style=\"text-align: justify;\">La biblioth\u00e8que num\u00e9rique amazighe, c\u2019est des centaines d&rsquo;heures de travail, des frais de nom de domaine et d\u2019h\u00e9bergements, des frais li\u00e9s aux diff\u00e9rents plugins et fonctionnalit\u00e9s qui permettent une meilleure exp\u00e9rience utilisateur. \u00a0Les dons serviront \u00e9galement \u00a0\u00e0 l&rsquo;acquisition de nouveaux ouvrages tr\u00e8s rares pour enrichir le site.<\/p>\n<p style=\"text-align: justify;\">Participez selon vos moyens, ce projet nous concerne tous et sera une mine d\u2019or culturelle pour les g\u00e9n\u00e9rations futures.<\/p>\n<p>Si vous voulez effectuer un\u00a0don via PayPal :<\/p>\n<p style=\"text-align: justify;\">\n\n<form action=\"https:\/\/www.paypal.com\/cgi-bin\/webscr\" method=\"post\">\n<div class=\"paypal-donations\">\n <input type=\"hidden\" name=\"cmd\" value=\"_donations\" \/>\n <input type=\"hidden\" name=\"bn\" value=\"TipsandTricks_SP\" \/>\n <input type=\"hidden\" name=\"business\" value=\"FSSKYMJDFMTUG\" \/>\n <input type=\"hidden\" name=\"rm\" value=\"0\" \/>\n <input type=\"hidden\" name=\"currency_code\" value=\"EUR\" \/>\n <input type=\"image\" style=\"cursor: pointer;\" src=\"https:\/\/www.paypalobjects.com\/fr_FR\/FR\/i\/btn\/btn_donateCC_LG.gif\" name=\"submit\" alt=\"PayPal - The safer, easier way to pay online.\" \/>\n <img alt=\"\" src=\"https:\/\/www.paypalobjects.com\/en_US\/i\/scr\/pixel.gif\" width=\"1\" height=\"1\" \/>\n <\/div>\n<\/form>\n\n\n<p style=\"text-align: justify;\">Pour les virements bancaires en France ou en Alg\u00e9rie (CCP), veuillez nous contacter afin d&rsquo;obtenir les d\u00e9tails des comptes.<\/p>\n<p style=\"text-align: justify;\">Merci!<\/p>\n","protected":false},"excerpt":{"rendered":"<p>Asadlis Amazigh a besoin de vos dons pour continuer \u00e0 \u00e9voluer et \u00e0 exister. La biblioth\u00e8que, c&rsquo;est plusieurs centaines de livres, la plupart sont exclusifs et in\u00e9dits, accessibles aux utilisateurs par un simple clic. La biblioth\u00e8que num\u00e9rique amazighe, c\u2019est des centaines d&rsquo;heures de travail, des frais de nom de domaine et d\u2019h\u00e9bergements, des frais li\u00e9s &hellip;<\/p>\n","protected":false},"author":1,"featured_media":1468,"parent":0,"menu_order":0,"comment_status":"closed","ping_status":"closed","template":"","meta":{"spay_email":""},"yoast_head":"\n<title>Faites un don ! | Asadlis Amazigh<\/title>\n<meta name=\"robots\" content=\"index, follow, max-snippet:-1, max-image-preview:large, max-video-preview:-1\" \/>\n<link rel=\"canonical\" href=\"https:\/\/www.asadlis-amazigh.com\/fr\/faites-un-don\/\" \/>\n<meta property=\"og:locale\" content=\"fr_FR\" \/>\n<meta property=\"og:type\" content=\"article\" \/>\n<meta property=\"og:title\" content=\"Faites un don ! | Asadlis Amazigh\" \/>\n<meta property=\"og:description\" content=\"Asadlis Amazigh a besoin de vos dons pour continuer \u00e0 \u00e9voluer et \u00e0 exister. La biblioth\u00e8que, c&rsquo;est plusieurs centaines de livres, la plupart sont exclusifs et in\u00e9dits, accessibles aux utilisateurs par un simple clic. La biblioth\u00e8que num\u00e9rique amazighe, c\u2019est des centaines d&rsquo;heures de travail, des frais de nom de domaine et d\u2019h\u00e9bergements, des frais li\u00e9s &hellip;\" \/>\n<meta property=\"og:url\" content=\"https:\/\/www.asadlis-amazigh.com\/fr\/faites-un-don\/\" \/>\n<meta property=\"og:site_name\" content=\"Asadlis Amazigh\" \/>\n<meta property=\"article:publisher\" content=\"https:\/\/www.facebook.com\/asadlis.amazigh\" \/>\n<meta property=\"article:modified_time\" content=\"2017-02-01T15:17:05+00:00\" \/>\n<meta property=\"og:image\" content=\"https:\/\/i0.wp.com\/www.asadlis-amazigh.com\/fr\/wp-content\/uploads\/2017\/02\/dons.png?fit=1500%2C750&#038;ssl=1\" \/>\n\t<meta property=\"og:image:width\" content=\"1500\" \/>\n\t<meta property=\"og:image:height\" content=\"750\" \/>\n<meta name=\"twitter:card\" content=\"summary\" \/>\n<meta name=\"twitter:site\" content=\"@AsadlisAmazigh\" \/>\n<meta name=\"twitter:label1\" content=\"Dur\u00e9e de lecture estim\u00e9e\" \/>\n\t<meta name=\"twitter:data1\" content=\"1 minute\" \/>\n<script type=\"application\/ld+json\" class=\"yoast-schema-graph\">{\"@context\":\"https:\/\/schema.org\",\"@graph\":[{\"@type\":\"WebSite\",\"@id\":\"https:\/\/www.asadlis-amazigh.com\/fr\/#website\",\"url\":\"https:\/\/www.asadlis-amazigh.com\/fr\/\",\"name\":\"Asadlis Amazigh\",\"description\":\"La biblioth\\u00e8que amazighe\",\"potentialAction\":[{\"@type\":\"SearchAction\",\"target\":{\"@type\":\"EntryPoint\",\"urlTemplate\":\"https:\/\/www.asadlis-amazigh.com\/fr\/?s={search_term_string}\"},\"query-input\":\"required name=search_term_string\"}],\"inLanguage\":\"fr-FR\"},{\"@type\":\"ImageObject\",\"@id\":\"https:\/\/www.asadlis-amazigh.com\/fr\/faites-un-don\/#primaryimage\",\"inLanguage\":\"fr-FR\",\"url\":\"https:\/\/i0.wp.com\/www.asadlis-amazigh.com\/fr\/wp-content\/uploads\/2017\/02\/dons.png?fit=1500%2C750&ssl=1\",\"contentUrl\":\"https:\/\/i0.wp.com\/www.asadlis-amazigh.com\/fr\/wp-content\/uploads\/2017\/02\/dons.png?fit=1500%2C750&ssl=1\",\"width\":1500,\"height\":750},{\"@type\":\"WebPage\",\"@id\":\"https:\/\/www.asadlis-amazigh.com\/fr\/faites-un-don\/#webpage\",\"url\":\"https:\/\/www.asadlis-amazigh.com\/fr\/faites-un-don\/\",\"name\":\"Faites un don ! | Asadlis Amazigh\",\"isPartOf\":{\"@id\":\"https:\/\/www.asadlis-amazigh.com\/fr\/#website\"},\"primaryImageOfPage\":{\"@id\":\"https:\/\/www.asadlis-amazigh.com\/fr\/faites-un-don\/#primaryimage\"},\"datePublished\":\"2017-02-01T15:01:24+00:00\",\"dateModified\":\"2017-02-01T15:17:05+00:00\",\"breadcrumb\":{\"@id\":\"https:\/\/www.asadlis-amazigh.com\/fr\/faites-un-don\/#breadcrumb\"},\"inLanguage\":\"fr-FR\",\"potentialAction\":[{\"@type\":\"ReadAction\",\"target\":[\"https:\/\/www.asadlis-amazigh.com\/fr\/faites-un-don\/\"]}]},{\"@type\":\"BreadcrumbList\",\"@id\":\"https:\/\/www.asadlis-amazigh.com\/fr\/faites-un-don\/#breadcrumb\",\"itemListElement\":[{\"@type\":\"ListItem\",\"position\":1,\"name\":\"Accueil\",\"item\":\"https:\/\/www.asadlis-amazigh.com\/fr\/\"},{\"@type\":\"ListItem\",\"position\":2,\"name\":\"Faites un don !\"}]}]}<\/script>\n","yoast_head_json":{"title":"Faites un don ! | Asadlis Amazigh","robots":{"index":"index","follow":"follow","max-snippet":"max-snippet:-1","max-image-preview":"max-image-preview:large","max-video-preview":"max-video-preview:-1"},"canonical":"https:\/\/www.asadlis-amazigh.com\/fr\/faites-un-don\/","og_locale":"fr_FR","og_type":"article","og_title":"Faites un don ! | Asadlis Amazigh","og_description":"Asadlis Amazigh a besoin de vos dons pour continuer \u00e0 \u00e9voluer et \u00e0 exister. La biblioth\u00e8que, c&rsquo;est plusieurs centaines de livres, la plupart sont exclusifs et in\u00e9dits, accessibles aux utilisateurs par un simple clic. La biblioth\u00e8que num\u00e9rique amazighe, c\u2019est des centaines d&rsquo;heures de travail, des frais de nom de domaine et d\u2019h\u00e9bergements, des frais li\u00e9s &hellip;","og_url":"https:\/\/www.asadlis-amazigh.com\/fr\/faites-un-don\/","og_site_name":"Asadlis Amazigh","article_publisher":"https:\/\/www.facebook.com\/asadlis.amazigh","article_modified_time":"2017-02-01T15:17:05+00:00","og_image":[{"width":1500,"height":750,"url":"https:\/\/i0.wp.com\/www.asadlis-amazigh.com\/fr\/wp-content\/uploads\/2017\/02\/dons.png?fit=1500%2C750&ssl=1","type":"image\/png"}],"twitter_card":"summary","twitter_site":"@AsadlisAmazigh","twitter_misc":{"Dur\u00e9e de lecture estim\u00e9e":"1 minute"},"schema":{"@context":"https:\/\/schema.org","@graph":[{"@type":"WebSite","@id":"https:\/\/www.asadlis-amazigh.com\/fr\/#website","url":"https:\/\/www.asadlis-amazigh.com\/fr\/","name":"Asadlis Amazigh","description":"La biblioth\u00e8que amazighe","potentialAction":[{"@type":"SearchAction","target":{"@type":"EntryPoint","urlTemplate":"https:\/\/www.asadlis-amazigh.com\/fr\/?s={search_term_string}"},"query-input":"required name=search_term_string"}],"inLanguage":"fr-FR"},{"@type":"ImageObject","@id":"https:\/\/www.asadlis-amazigh.com\/fr\/faites-un-don\/#primaryimage","inLanguage":"fr-FR","url":"https:\/\/i0.wp.com\/www.asadlis-amazigh.com\/fr\/wp-content\/uploads\/2017\/02\/dons.png?fit=1500%2C750&ssl=1","contentUrl":"https:\/\/i0.wp.com\/www.asadlis-amazigh.com\/fr\/wp-content\/uploads\/2017\/02\/dons.png?fit=1500%2C750&ssl=1","width":1500,"height":750},{"@type":"WebPage","@id":"https:\/\/www.asadlis-amazigh.com\/fr\/faites-un-don\/#webpage","url":"https:\/\/www.asadlis-amazigh.com\/fr\/faites-un-don\/","name":"Faites un don ! | Asadlis Amazigh","isPartOf":{"@id":"https:\/\/www.asadlis-amazigh.com\/fr\/#website"},"primaryImageOfPage":{"@id":"https:\/\/www.asadlis-amazigh.com\/fr\/faites-un-don\/#primaryimage"},"datePublished":"2017-02-01T15:01:24+00:00","dateModified":"2017-02-01T15:17:05+00:00","breadcrumb":{"@id":"https:\/\/www.asadlis-amazigh.com\/fr\/faites-un-don\/#breadcrumb"},"inLanguage":"fr-FR","potentialAction":[{"@type":"ReadAction","target":["https:\/\/www.asadlis-amazigh.com\/fr\/faites-un-don\/"]}]},{"@type":"BreadcrumbList","@id":"https:\/\/www.asadlis-amazigh.com\/fr\/faites-un-don\/#breadcrumb","itemListElement":[{"@type":"ListItem","position":1,"name":"Accueil","item":"https:\/\/www.asadlis-amazigh.com\/fr\/"},{"@type":"ListItem","position":2,"name":"Faites un don !"}]}]}},"jetpack_shortlink":"https:\/\/wp.me\/P77MJL-nJ","_links":{"self":[{"href":"https:\/\/www.asadlis-amazigh.com\/fr\/wp-json\/wp\/v2\/pages\/1471"}],"collection":[{"href":"https:\/\/www.asadlis-amazigh.com\/fr\/wp-json\/wp\/v2\/pages"}],"about":[{"href":"https:\/\/www.asadlis-amazigh.com\/fr\/wp-json\/wp\/v2\/types\/page"}],"author":[{"embeddable":true,"href":"https:\/\/www.asadlis-amazigh.com\/fr\/wp-json\/wp\/v2\/users\/1"}],"replies":[{"embeddable":true,"href":"https:\/\/www.asadlis-amazigh.com\/fr\/wp-json\/wp\/v2\/comments?post=1471"}],"version-history":[{"count":3,"href":"https:\/\/www.asadlis-amazigh.com\/fr\/wp-json\/wp\/v2\/pages\/1471\/revisions"}],"predecessor-version":[{"id":1476,"href":"https:\/\/www.asadlis-amazigh.com\/fr\/wp-json\/wp\/v2\/pages\/1471\/revisions\/1476"}],"wp:featuredmedia":[{"embeddable":true,"href":"https:\/\/www.asadlis-amazigh.com\/fr\/wp-json\/wp\/v2\/media\/1468"}],"wp:attachment":[{"href":"https:\/\/www.asadlis-amazigh.com\/fr\/wp-json\/wp\/v2\/media?parent=1471"}],"curies":[{"name":"wp","href":"https:\/\/api.w.org\/{rel}","templated":true}]}}